{"id":178,"date":"2017-08-31T09:05:06","date_gmt":"2017-08-31T09:05:06","guid":{"rendered":"http:\/\/aimixasphaltplant.com\/?page_id=178"},"modified":"2021-03-18T16:05:22","modified_gmt":"2021-03-18T08:05:22","slug":"about-us","status":"publish","type":"page","link":"https:\/\/aimixasphaltplant.com\/vietnam\/about-us\/","title":{"rendered":"V\u1ec1 ch\u00fang t\u00f4i"},"content":{"rendered":"<p>\u0110\u01b0\u1ee3c th\u00e0nh l\u1eadp v\u00e0o n\u0103m 1982, Aimix Group c\u00f3 tr\u1ee5 s\u1edf t\u1ea1i th\u00e0nh ph\u1ed1 Tr\u1ecbnh Ch\u00e2u. N\u00f3 c\u00f3 di\u1ec7n t\u00edch 120.000 m\u00e9t vu\u00f4ng. \u0110\u00e2y l\u00e0 m\u1ed9t trong nh\u1eefng nh\u00e0 s\u1ea3n xu\u1ea5t v\u00e0 cung c\u1ea5p m\u00e1y m\u00f3c x\u00e2y d\u1ef1ng \u0111\u00e1ng tin c\u1eady c\u1ee7a Trung Qu\u1ed1c, gi\u00fap n\u1ec1n kinh t\u1ebf ph\u00e1t tri\u1ec3n nhanh ch\u00f3ng.<\/p>\n<p>Cho \u0111\u1ebfn th\u1eddi \u0111i\u1ec3m hi\u1ec7n t\u1ea1i, Aimix Group \u0111\u00e3 c\u00f3 h\u01a1n 1000 nh\u00e2n vi\u00ean. C\u00f3 kho\u1ea3ng 16 k\u1ef9 s\u01b0, h\u01a1n 90 k\u1ef9 thu\u1eadt vi\u00ean chuy\u00ean nghi\u1ec7p, 60 nh\u00e2n vi\u00ean h\u00e0nh ch\u00ednh v\u00e0 600 c\u00f4ng nh\u00e2n l\u00e0nh ngh\u1ec1.<br \/>\n<div class='content-column one_half diselpro'><div style=\"padding-right:10px;padding-left:10px;\"><div class=\"diselproimg\"><img loading=\"lazy\" src=\"https:\/\/aimixasphaltplant.com\/vietnam\/wp-content\/uploads\/2021\/03\/v\u0103n-ph\u00f2ng.jpg\" alt=\"v\u0103n ph\u00f2ng\" width=\"600\" height=\"400\" class=\"alignnone size-full wp-image-2144\" srcset=\"https:\/\/aimixasphaltplant.com\/vietnam\/wp-content\/uploads\/2021\/03\/v\u0103n-ph\u00f2ng.jpg 600w, https:\/\/aimixasphaltplant.com\/vietnam\/wp-content\/uploads\/2021\/03\/v\u0103n-ph\u00f2ng-300x200.jpg 300w\" sizes=\"(max-width: 600px) 100vw, 600px\" \/><\/div><\/div><\/div><div class='content-column one_half last_column diselpro'><div style=\"padding-right:10px;padding-left:10px;\"><div class=\"diselproimg\"><img loading=\"lazy\" src=\"https:\/\/aimixasphaltplant.com\/vietnam\/wp-content\/uploads\/2021\/03\/\u0111\u1ed9i-b\u00e1n-h\u00e0ng.jpg\" alt=\"\u0111\u1ed9i b\u00e1n h\u00e0ng\" width=\"600\" height=\"400\" class=\"alignnone size-full wp-image-2143\" srcset=\"https:\/\/aimixasphaltplant.com\/vietnam\/wp-content\/uploads\/2021\/03\/\u0111\u1ed9i-b\u00e1n-h\u00e0ng.jpg 600w, https:\/\/aimixasphaltplant.com\/vietnam\/wp-content\/uploads\/2021\/03\/\u0111\u1ed9i-b\u00e1n-h\u00e0ng-300x200.jpg 300w\" sizes=\"(max-width: 600px) 100vw, 600px\" \/><\/div><\/div><\/div><div class='clear_column'><\/div><br \/>\n<div class='content-column one_half diselpro'><div style=\"padding-right:10px;padding-left:10px;\"><div class=\"diselproimg\"><img loading=\"lazy\" src=\"https:\/\/aimixasphaltplant.com\/vietnam\/wp-content\/uploads\/2021\/03\/nh\u00e0-m\u00e1y.jpg\" alt=\"nh\u00e0 m\u00e1y\" width=\"600\" height=\"400\" class=\"alignnone size-full wp-image-2145\" srcset=\"https:\/\/aimixasphaltplant.com\/vietnam\/wp-content\/uploads\/2021\/03\/nh\u00e0-m\u00e1y.jpg 600w, https:\/\/aimixasphaltplant.com\/vietnam\/wp-content\/uploads\/2021\/03\/nh\u00e0-m\u00e1y-300x200.jpg 300w\" sizes=\"(max-width: 600px) 100vw, 600px\" \/><\/div><\/div><\/div><div class='content-column one_half last_column diselpro'><div style=\"padding-right:10px;padding-left:10px;\"><div class=\"diselproimg\"><img loading=\"lazy\" src=\"https:\/\/aimixasphaltplant.com\/vietnam\/wp-content\/uploads\/2021\/03\/x\u01b0\u1edfng.jpg\" alt=\"x\u01b0\u1edfng\" width=\"600\" height=\"400\" class=\"alignnone size-full wp-image-2146\" srcset=\"https:\/\/aimixasphaltplant.com\/vietnam\/wp-content\/uploads\/2021\/03\/x\u01b0\u1edfng.jpg 600w, https:\/\/aimixasphaltplant.com\/vietnam\/wp-content\/uploads\/2021\/03\/x\u01b0\u1edfng-300x200.jpg 300w\" sizes=\"(max-width: 600px) 100vw, 600px\" \/><\/div><\/div><\/div><div class='clear_column'><\/div><\/p>\n<p>Ch\u00fang t\u00f4i \u0111\u00e3 c\u00f3 gi\u1ea5y ch\u1ee9ng nh\u1eadn ISO9001: 2000 v\u00e0o n\u0103m 2001; ch\u00fang t\u00f4i c\u0169ng \u0111\u00e3 \u0111\u1ea1t \u0111\u01b0\u1ee3c ch\u1ee9ng ch\u1ec9 CE v\u00e0o n\u0103m 2013.<br \/>\nT\u1eadp \u0111o\u00e0n Aimix \u0111\u00e3 \u0111\u01b0a ra nhi\u1ec1u lo\u1ea1i m\u00e1y x\u00e2y d\u1ef1ng kh\u00e1c nhau, bao g\u1ed3m tr\u1ea1m tr\u1ed9n b\u00ea t\u00f4ng, m\u00e1y tr\u1ed9n b\u00ea t\u00f4ng, m\u00e1y b\u01a1m b\u00ea t\u00f4ng, tr\u1ea1m tr\u1ed9n b\u00ea t\u00f4ng nh\u1ef1a v\u00e0 c\u00e1c thi\u1ebft b\u1ecb x\u00e2y d\u1ef1ng kh\u00e1c. V\u1ec1 nh\u00e0 m\u00e1y s\u1ea3n xu\u1ea5t nh\u1ef1a \u0111\u01b0\u1eddng, Ch\u00fang t\u00f4i \u0111\u00e3 h\u1ee3p t\u00e1c v\u1edbi nhi\u1ec1u ng\u00e0nh x\u00e2y d\u1ef1ng n\u1ed5i ti\u1ebfng nh\u1eb1m mang \u0111\u1ebfn cho kh\u00e1ch h\u00e0ng nh\u1eefng s\u1ea3n ph\u1ea9m m\u00e1y tr\u1ed9n b\u00ea t\u00f4ng nh\u1ef1a t\u1ed1t nh\u1ea5t. Ch\u00fang t\u00f4i \u0111\u00e3 s\u1ea3n xu\u1ea5t nhi\u1ec1u lo\u1ea1i tr\u1ea1m tr\u1ed9n b\u00ea t\u00f4ng nh\u1ef1a, bao g\u1ed3m tr\u1ea1m tr\u1ed9n b\u00ea t\u00f4ng nh\u1ef1a t\u0129nh, tr\u1ea1m tr\u1ed9n b\u00ea t\u00f4ng nh\u1ef1a di \u0111\u1ed9ng, tr\u1ea1m tr\u1ed9n b\u00ea t\u00f4ng nh\u1ef1a, tr\u1ea1m tr\u1ed9n b\u00ea t\u00f4ng nh\u1ef1a mini, tr\u1ea1m tr\u1ed9n b\u00ea t\u00f4ng nh\u1ef1a di \u0111\u1ed9ng, v.v.<\/p>\n<p>C\u00e1c nh\u00e0 m\u00e1y nh\u1ef1a \u0111\u01b0\u1eddng c\u1ee7a ch\u00fang t\u00f4i \u0111\u00e3 \u0111\u01b0\u1ee3c xu\u1ea5t kh\u1ea9u sang nhi\u1ec1u n\u01b0\u1edbc tr\u00ean th\u1ebf gi\u1edbi nh\u01b0 Brazil, Mi\u1ebfn \u0110i\u1ec7n, Ukraine, Botswana, Algeria, Sri Lanka, Pakistan, Tajikistan, v.v.<\/p>\n<p><img loading=\"lazy\" src=\"https:\/\/aimixasphaltplant.com\/vietnam\/wp-content\/uploads\/2021\/03\/b\u1ea3n-\u0111\u1ed3-kinh-doanh-aimix.jpg\" alt=\"b\u1ea3n \u0111\u1ed3 kinh doanh aimix\" width=\"1920\" height=\"705\" class=\"alignnone size-full wp-image-2142\" srcset=\"https:\/\/aimixasphaltplant.com\/vietnam\/wp-content\/uploads\/2021\/03\/b\u1ea3n-\u0111\u1ed3-kinh-doanh-aimix.jpg 1920w, https:\/\/aimixasphaltplant.com\/vietnam\/wp-content\/uploads\/2021\/03\/b\u1ea3n-\u0111\u1ed3-kinh-doanh-aimix-300x110.jpg 300w, https:\/\/aimixasphaltplant.com\/vietnam\/wp-content\/uploads\/2021\/03\/b\u1ea3n-\u0111\u1ed3-kinh-doanh-aimix-768x282.jpg 768w, https:\/\/aimixasphaltplant.com\/vietnam\/wp-content\/uploads\/2021\/03\/b\u1ea3n-\u0111\u1ed3-kinh-doanh-aimix-1024x376.jpg 1024w\" sizes=\"(max-width: 1920px) 100vw, 1920px\" \/><\/p>\n<p>V\u1edbi kinh nghi\u1ec7m x\u00e2y d\u1ef1ng h\u01a1n 30 n\u0103m, Aimix Group x\u1ee9ng \u0111\u00e1ng \u0111\u01b0\u1ee3c b\u1ea1n tin t\u01b0\u1edfng. Vi\u1ec7c \u00e1p d\u1ee5ng c\u00f4ng ngh\u1ec7 \u0111\u1ed5i m\u1edbi ti\u00ean ti\u1ebfn l\u00e0m cho thi\u1ebft b\u1ecb c\u1ee7a ch\u00fang t\u00f4i n\u1ed5i b\u1eadt trong c\u00e1c ng\u00e0nh x\u00e2y d\u1ef1ng. N\u1ebfu b\u1ea1n quan t\u00e2m \u0111\u1ebfn s\u1ea3n ph\u1ea9m c\u1ee7a ch\u00fang t\u00f4i, h\u00e3y li\u00ean h\u1ec7 v\u1edbi ch\u00fang t\u00f4i k\u1ecbp th\u1eddi \u0111\u1ec3 c\u00f3 th\u00eam th\u00f4ng tin chi ti\u1ebft v\u1ec1 nh\u00e0 m\u00e1y nh\u1ef1a \u0111\u01b0\u1eddng v\u00e0 gi\u00e1 c\u1ea3 h\u1ee3p l\u00fd.<\/p>\n","protected":false},"excerpt":{"rendered":"<p>\u0110\u01b0\u1ee3c th\u00e0nh l\u1eadp v\u00e0o n\u0103m 1982, Aimix Group c\u00f3 tr\u1ee5 s\u1edf t\u1ea1i th\u00e0nh ph\u1ed1 Tr\u1ecbnh Ch\u00e2u. N\u00f3 c\u00f3 di\u1ec7n t\u00edch 120.000 m\u00e9t vu\u00f4ng. \u0110\u00e2y l\u00e0 m\u1ed9t trong nh\u1eefng nh\u00e0 s\u1ea3n xu\u1ea5t v\u00e0 cung c\u1ea5p m\u00e1y m\u00f3c x\u00e2y d\u1ef1ng \u0111\u00e1ng tin c\u1eady c\u1ee7a Trung Qu\u1ed1c, gi\u00fap n\u1ec1n kinh t\u1ebf ph\u00e1t tri\u1ec3n nhanh ch\u00f3ng. Cho \u0111\u1ebfn th\u1eddi &#8230; <a class=\"read-more\" href=\"https:\/\/aimixasphaltplant.com\/vietnam\/about-us\/\">Read more&#8230;<\/a><\/p>\n","protected":false},"author":1,"featured_media":0,"parent":0,"menu_order":0,"comment_status":"closed","ping_status":"closed","template":"","meta":[],"_links":{"self":[{"href":"https:\/\/aimixasphaltplant.com\/vietnam\/wp-json\/wp\/v2\/pages\/178"}],"collection":[{"href":"https:\/\/aimixasphaltplant.com\/vietnam\/wp-json\/wp\/v2\/pages"}],"about":[{"href":"https:\/\/aimixasphaltplant.com\/vietnam\/wp-json\/wp\/v2\/types\/page"}],"author":[{"embeddable":true,"href":"https:\/\/aimixasphaltplant.com\/vietnam\/wp-json\/wp\/v2\/users\/1"}],"replies":[{"embeddable":true,"href":"https:\/\/aimixasphaltplant.com\/vietnam\/wp-json\/wp\/v2\/comments?post=178"}],"version-history":[{"count":9,"href":"https:\/\/aimixasphaltplant.com\/vietnam\/wp-json\/wp\/v2\/pages\/178\/revisions"}],"predecessor-version":[{"id":2148,"href":"https:\/\/aimixasphaltplant.com\/vietnam\/wp-json\/wp\/v2\/pages\/178\/revisions\/2148"}],"wp:attachment":[{"href":"https:\/\/aimixasphaltplant.com\/vietnam\/wp-json\/wp\/v2\/media?parent=178"}],"curies":[{"name":"wp","href":"https:\/\/api.w.org\/{rel}","templated":true}]}}