{"id":2,"date":"2017-08-21T06:24:06","date_gmt":"2017-08-21T06:24:06","guid":{"rendered":"http:\/\/aimixasphaltplant.com\/?page_id=2"},"modified":"2021-03-12T16:24:07","modified_gmt":"2021-03-12T08:24:07","slug":"aimix-asphalt-plant","status":"publish","type":"page","link":"https:\/\/aimixasphaltplant.com\/vietnam\/","title":{"rendered":"Tr\u1ea1m Tr\u1ed9n B\u00ea T\u00f4ng Nh\u1ef1a N\u00f3ng"},"content":{"rendered":"<div class=\"d-banner\"><\/div>\n<div class=\"index-1\">\n<div class=\"d-c-c\">\n<div class=\"index-t d-t-c\">\n\t\t\t<img src=\"\/vietnam\/wp-content\/uploads\/2019\/04\/news-vietnam.png\" alt=\"Tin t\u1ee9c\"><\/div>\n<div class=\"index-c\">\n\t\t\t<div class='content-column one_third'><div style=\"padding-right:10px;\"><img src=\"\/vietnam\/wp-content\/uploads\/2019\/04\/Aimix-asphalt-plants.png\" alt=\"Aimix Tr\u1ea1m Tr\u1ed9n B\u00ea T\u00f4ng Nh\u1ef1a N\u00f3ng\"><\/div><\/div><br \/>\n<div class='content-column one_third'><div style=\"padding-right:10px;\"><div class=\"pt-cv-wrapper\"><div class=\"pt-cv-view pt-cv-grid pt-cv-colsys\" id=\"pt-cv-view-a307d8dd37\"><div data-id=\"pt-cv-page-1\" class=\"pt-cv-page\" data-cvc=\"1\"><div class=\"col-md-12 col-sm-12 col-xs-12 pt-cv-content-item pt-cv-1-col\" ><div class='pt-cv-ifield'><a href=\"https:\/\/aimixasphaltplant.com\/vietnam\/aimix-group-will-participate-in-the-6th-international-construction-powermining-exhibition-in-myanmar\/\" class=\"_self pt-cv-href-thumbnail pt-cv-thumb-default\" target=\"_self\" ><img width=\"600\" height=\"450\" src=\"https:\/\/aimixasphaltplant.com\/vietnam\/wp-content\/uploads\/2018\/09\/batch-type-asphalt-plant.jpg\" class=\"pt-cv-thumbnail\" alt=\"batch type asphalt plant\" loading=\"lazy\" srcset=\"https:\/\/aimixasphaltplant.com\/vietnam\/wp-content\/uploads\/2018\/09\/batch-type-asphalt-plant.jpg 600w, https:\/\/aimixasphaltplant.com\/vietnam\/wp-content\/uploads\/2018\/09\/batch-type-asphalt-plant-300x225.jpg 300w, https:\/\/aimixasphaltplant.com\/vietnam\/wp-content\/uploads\/2018\/09\/batch-type-asphalt-plant-400x300.jpg 400w\" sizes=\"(max-width: 600px) 100vw, 600px\" \/><\/a>\n<h4 class=\"pt-cv-title\"><a href=\"https:\/\/aimixasphaltplant.com\/vietnam\/aimix-group-will-participate-in-the-6th-international-construction-powermining-exhibition-in-myanmar\/\" class=\"_self\" target=\"_self\" >T\u1eadp \u0111o\u00e0n Aimix s\u1ebd tham gia Tri\u1ec3n l\u00e3m Qu\u1ed1c t\u1ebf v\u1ec1 Khai th\u00e1c v\u00e0 Khai th\u00e1c Qu\u1ed1c t\u1ebf l\u1ea7n th\u1ee9 6 t\u1ea1i Myanmar<\/a><\/h4>\n<div class=\"pt-cv-content\">Tin tuy\u1ec7t v\u1eddi \u1edf \u0111\u00e2y! Aimix Group s\u1ebd tham gia tri\u1ec3n l\u00e3m khai th\u00e1c v\u00e0 x\u00e2y d\u1ef1ng qu\u1ed1c t\u1ebf l\u1ea7n ...<br \/><div class=\"pt-cv-rmwrap\"><a href=\"https:\/\/aimixasphaltplant.com\/vietnam\/aimix-group-will-participate-in-the-6th-international-construction-powermining-exhibition-in-myanmar\/\" class=\"_self pt-cv-readmore btn btn-success\" target=\"_self\">Read More<\/a><\/div><\/div><\/div><\/div><\/div><\/div><\/div><\/div><\/div><br \/>\n<div class='content-column one_third last_column'><div style=\"padding-right:10px;\"><div class=\"pt-cv-wrapper\"><div class=\"pt-cv-view pt-cv-grid pt-cv-colsys\" id=\"pt-cv-view-32fb602yxd\"><div data-id=\"pt-cv-page-1\" class=\"pt-cv-page\" data-cvc=\"1\"><div class=\"col-md-12 col-sm-12 col-xs-12 pt-cv-content-item pt-cv-2-col\" ><div class='pt-cv-ifield'><a href=\"https:\/\/aimixasphaltplant.com\/vietnam\/transporting-asphalt-drum-mix-plant-to-philippines\/\" class=\"_self pt-cv-href-thumbnail pt-cv-thumb-left\" target=\"_self\" ><img width=\"300\" height=\"225\" src=\"https:\/\/aimixasphaltplant.com\/vietnam\/wp-content\/uploads\/2017\/08\/DHB20-asphalt-drum-plant-300x225.jpg\" class=\"pt-cv-thumbnail pull-left\" alt=\"asphalt drum plant\" loading=\"lazy\" srcset=\"https:\/\/aimixasphaltplant.com\/vietnam\/wp-content\/uploads\/2017\/08\/DHB20-asphalt-drum-plant-300x225.jpg 300w, https:\/\/aimixasphaltplant.com\/vietnam\/wp-content\/uploads\/2017\/08\/DHB20-asphalt-drum-plant-400x300.jpg 400w, https:\/\/aimixasphaltplant.com\/vietnam\/wp-content\/uploads\/2017\/08\/DHB20-asphalt-drum-plant.jpg 600w\" sizes=\"(max-width: 300px) 100vw, 300px\" \/><\/a>\n<h4 class=\"pt-cv-title\"><a href=\"https:\/\/aimixasphaltplant.com\/vietnam\/transporting-asphalt-drum-mix-plant-to-philippines\/\" class=\"_self\" target=\"_self\" >V\u1eadn chuy\u1ec3n nh\u00e0 m\u00e1y tr\u1ed9n b\u00ea t\u00f4ng nh\u1ef1a \u0111\u01b0\u1eddng \u0111\u1ebfn Philipin<\/a><\/h4>\n<div class=\"pt-cv-content\">Tin t\u1ed1t! Nh\u00e0 m\u00e1y tr\u1ed9n b\u00ea t\u00f4ng nh\u1ef1a c\u1ee7a ch\u00fang ...<br \/><div class=\"pt-cv-rmwrap\"><a href=\"https:\/\/aimixasphaltplant.com\/vietnam\/transporting-asphalt-drum-mix-plant-to-philippines\/\" class=\"_self pt-cv-readmore btn btn-success\" target=\"_self\">Read More<\/a><\/div><\/div><\/div><\/div>\n<div class=\"col-md-12 col-sm-12 col-xs-12 pt-cv-content-item pt-cv-2-col\" ><div class='pt-cv-ifield'><a href=\"https:\/\/aimixasphaltplant.com\/vietnam\/our-stationary-asphalt-plant-has-finished-installation-in-russia\/\" class=\"_self pt-cv-href-thumbnail pt-cv-thumb-left\" target=\"_self\" ><img width=\"300\" height=\"225\" src=\"https:\/\/aimixasphaltplant.com\/vietnam\/wp-content\/uploads\/2018\/06\/80t-stationary-asphalt-plant-300x225.jpg\" class=\"pt-cv-thumbnail pull-left\" alt=\"80t stationary asphalt plant\" loading=\"lazy\" srcset=\"https:\/\/aimixasphaltplant.com\/vietnam\/wp-content\/uploads\/2018\/06\/80t-stationary-asphalt-plant-300x225.jpg 300w, https:\/\/aimixasphaltplant.com\/vietnam\/wp-content\/uploads\/2018\/06\/80t-stationary-asphalt-plant-400x300.jpg 400w, https:\/\/aimixasphaltplant.com\/vietnam\/wp-content\/uploads\/2018\/06\/80t-stationary-asphalt-plant.jpg 600w\" sizes=\"(max-width: 300px) 100vw, 300px\" \/><\/a>\n<h4 class=\"pt-cv-title\"><a href=\"https:\/\/aimixasphaltplant.com\/vietnam\/our-stationary-asphalt-plant-has-finished-installation-in-russia\/\" class=\"_self\" target=\"_self\" >Nh\u00e0 m\u00e1y nh\u1ef1a \u0111\u01b0\u1eddng t\u0129nh c\u1ee7a ch\u00fang t\u00f4i \u0111\u00e3 ho\u00e0n th\u00e0nh l\u1eafp \u0111\u1eb7t \u1edf Nga<\/a><\/h4>\n<div class=\"pt-cv-content\">Aimix 80t stationary asphalt plant for sale has finished installation ...<br \/><div class=\"pt-cv-rmwrap\"><a href=\"https:\/\/aimixasphaltplant.com\/vietnam\/our-stationary-asphalt-plant-has-finished-installation-in-russia\/\" class=\"_self pt-cv-readmore btn btn-success\" target=\"_self\">Read More<\/a><\/div><\/div><\/div><\/div><\/div><\/div><\/div><\/div><\/div><div class='clear_column'><\/div><\/div>\n<\/div>\n<\/div>\n<div class=\"index-2 d-c-c\">\n<div class=\"index-t d-t-c\">\n\t\t<img src=\"\/vietnam\/wp-content\/uploads\/2019\/04\/main-product-vietnam.png\" alt=\"s\u1ea3n ph\u1ea9m ch\u00ednh\"><\/div>\n<div class=\"index-c\">\n<div id=\"li-1\">\n<ul>\n<li class=\"active\">\n<a href=\"\/vietnam\/stationary-asphalt-mixing-plant\/\"><img src=\"\/vietnam\/wp-content\/uploads\/2019\/04\/LB-asphalt-batch-plant.jpg\" alt=\"Tr\u1ea1m tr\u1ed9n nh\u1ef1a \u0111\u01b0\u1eddng LB\"><\/a><\/p>\n<div class=\"li-body\">\n<p>LB Lo\u1ea1t<\/p>\n<p>Nh\u00e0 m\u00e1y nh\u1ef1a \u0111\u01b0\u1eddng<\/p>\n<\/div>\n<\/li>\n<li><a href=\"\/vietnam\/mobile-asphalt-mixing-plant\/\"><img src=\"\/vietnam\/wp-content\/uploads\/2019\/04\/YLB-asphalt-mobile-plant.jpg\" alt=\"Nh\u00e0 m\u00e1y di \u0111\u1ed9ng nh\u1ef1a \u0111\u01b0\u1eddng YLB\"><\/a>\n<div class=\"li-body\">\n<p>YLB Lo\u1ea1t<\/p>\n<p>Nh\u00e0 m\u00e1y h\u1ed7n h\u1ee3p b\u00ea t\u00f4ng nh\u1ef1a<\/p>\n<\/div>\n<\/li>\n<li><a href=\"\/vietnam\/asphalt-drum-mix-plant\/\"><img src=\"\/vietnam\/wp-content\/uploads\/2019\/04\/DHB-drum-mix-plant.jpg\" alt=\"DBH nh\u00e0 m\u00e1y tr\u1ed9n tr\u1ed1ng\"><\/a>\n<div class=\"li-body\">\n<p>DHB Lo\u1ea1t<\/p>\n<p>Nh\u00e0 m\u00e1y tr\u1ed9n nh\u1ef1a \u0111\u01b0\u1eddng<\/p>\n<\/div>\n<\/li>\n<li><a href=\"\"><img src=\"\/vietnam\/wp-content\/uploads\/2019\/04\/QLB-asphalt-batch-plant.jpg\" ALT=\"QLB tr\u1ea1m tr\u1ed9n nh\u1ef1a \u0111\u01b0\u1eddng\" ><\/a>\n<div class=\"li-body\">\n<p>QLB Lo\u1ea1t<\/p>\n<p>Nh\u00e0 m\u00e1y s\u1ea3n xu\u1ea5t nh\u1ef1a \u0111\u01b0\u1eddng<\/p>\n<\/div>\n<\/li>\n<\/ul>\n<\/div>\n<ul id=\"li-2\">\n<li><a href=\"\/vietnam\/stationary-asphalt-mixing-plant\/\"><img src=\"\/vietnam\/wp-content\/uploads\/2019\/04\/LB-asphalt-mix-plant.jpg\" ALT=\"LB nh\u00e0 m\u00e1y tr\u1ed9n nh\u1ef1a \u0111\u01b0\u1eddng\"><\/a><\/li>\n<li><a href=\"\/vietnam\/mobile-asphalt-mixing-plant\/\"><img src=\"\/vietnam\/wp-content\/uploads\/2019\/04\/YLB-mobile-asphalt-batching-plant.jpg\" ALT=\"YLB tr\u1ea1m tr\u1ed9n nh\u1ef1a \u0111\u01b0\u1eddng di \u0111\u1ed9ng\"><\/a><\/li>\n<li><a href=\"\/vietnam\/asphalt-drum-mix-plant\/\"><img src=\"\/vietnam\/wp-content\/uploads\/2019\/04\/DHB-asphalt-drum-mixing-plant.jpg\" ALT=\"DHB nh\u00e0 m\u00e1y tr\u1ed9n b\u00ea t\u00f4ng nh\u1ef1a\"><\/a><\/li>\n<li><a href=\"\"><img src=\"\/vietnam\/wp-content\/uploads\/2019\/04\/QLB-asphalt-plant-sale.jpg\" ALT=\"QLB b\u00e1n nh\u00e0 m\u00e1y nh\u1ef1a \u0111\u01b0\u1eddng\"><\/a><\/li>\n<\/ul>\n<\/div>\n<\/div>\n<div class=\"index-3\">\n<div class=\"d-c-c\">\n\t\t<div class='content-column three_fifth'><div style=\"margin-right: 36px;\">\n\t\t\t\t<iframe style=\"width: 100%;min-height: 420px;\" src=\"https:\/\/www.youtube.com\/embed\/oI_lUv72XCs\" frameborder=\"0\" allow=\"accelerometer; autoplay; encrypted-media; gyroscope; picture-in-picture\" allowfullscreen=\"\"><\/iframe><\/div><\/div><br \/>\n<div class='content-column two_fifth last_column'><div class=\"index-r\">\n<div class=\"index-t\">\n<h2>V\u1ec1 ch\u00fang t\u00f4i<\/h2>\n<p>\u2014<\/p>\n<\/div>\n<div class=\"index-c\">\n<p>Aimix Group Ltd., m\u1ed9t trong nh\u1eefng nh\u00e0 s\u1ea3n xu\u1ea5t nh\u00e0 m\u00e1y nh\u1ef1a \u0111\u01b0\u1eddng n\u1ed5i ti\u1ebfng \u1edf Trung Qu\u1ed1c, \u0111\u00e3 t\u1eadp trung v\u00e0o l\u0129nh v\u1ef1c n\u00e0y trong h\u01a1n 30 n\u0103m. V\u1edbi nhi\u1ec1u th\u1eadp k\u1ef7 kinh nghi\u1ec7m s\u1ea3n xu\u1ea5t, Aimix \u0111\u00e3 \u0111\u1ed5i m\u1edbi c\u00f4ng ngh\u1ec7 s\u1ea3n xu\u1ea5t nh\u00e0 m\u00e1y nh\u1ef1a \u0111\u01b0\u1eddng v\u00e0 c\u1ea3i thi\u1ec7n ch\u1ea5t l\u01b0\u1ee3ng v\u00e0 hi\u1ec7u su\u1ea5t s\u1ea3n xu\u1ea5t. Aimix \u0111\u00e3 s\u1edf h\u1eefu ch\u1ee9ng ch\u1ec9 ISO 9001: 2000, n\u0103m 2001 v\u00e0 \u0111\u1ea1t ch\u1ee9ng ch\u1ec9 CE n\u0103m 2013. D\u1ef1a tr\u00ean n\u1ec1n t\u1ea3ng d\u1ecbch v\u1ee5 m\u1ed9t b\u01b0\u1edbc, Aimix \u0111\u00e3 cung c\u1ea5p d\u1ecbch v\u1ee5 \u00e2n c\u1ea7n cho kh\u00e1ch h\u00e0ng trong v\u00e0 ngo\u00e0i n\u01b0\u1edbc. Cho \u0111\u1ebfn nay, ch\u00fang t\u00f4i \u0111\u00e3 th\u00e0nh l\u1eadp \u00edt nh\u1ea5t b\u1ed1n v\u0103n ph\u00f2ng \u1edf n\u01b0\u1edbc ngo\u00e0i, bao g\u1ed3m: Philippines, Uzbekistan, Pakistan v\u00e0 Sri Lanka. Trong 30 n\u0103m qua, ch\u00fang t\u00f4i \u0111\u00e3 xu\u1ea5t kh\u1ea9u c\u00e1c nh\u00e0 m\u00e1y nh\u1ef1a \u0111\u01b0\u1eddng c\u1ee7a m\u00ecnh \u0111\u1ebfn h\u01a1n 30 qu\u1ed1c gia, nh\u01b0 Brazil, Burma, Ukraine, Botswana, Algeria, Sri Lanka, Pakistan, Tajikistan, Philippines, Nam Phi, New Zealand, Kyrgyzstan, Nga, \u00dac, v.v. Ch\u00fang t\u00f4i hy v\u1ecdng r\u1eb1ng c\u00e1c nh\u00e0 m\u00e1y nh\u1ef1a \u0111\u01b0\u1eddng c\u1ee7a ch\u00fang t\u00f4i c\u00f3 th\u1ec3 \u0111\u01b0\u1ee3c lan truy\u1ec1n tr\u00ean to\u00e0n th\u1ebf gi\u1edbi.<\/p>\n<p><a id=\"Item: asphalt plant\" class=\"fancybox\" href=\"#contact_form_pop\">Contact Us<\/a><a href=\"\/vietnam\/about-us\/\">Learn More<\/a><\/p>\n<\/div>\n<\/div><\/div><div class='clear_column'><\/div><\/p>\n<\/div>\n<\/div>\n<div class=\"index-4 d-c-c d-t-c\">\n\t<div class='content-column one_fourth'><div class=\"index-c\">\n\t\t<a href=\"\/vietnam\/service\/\"><img src=\"\/vietnam\/wp-content\/uploads\/2019\/04\/aftersale-service.png\" ALT=\"d\u1ecbch v\u1ee5 sau b\u00e1n...\"><img src=\"\/vietnam\/wp-content\/uploads\/2019\/04\/after-sale-service.png\" ALT=\"d\u1ecbch v\u1ee5 sau b\u00e1n...\"><\/a><\/div>\n<h4><a href=\"\/vietnam\/service\/\">d\u1ecbch v\u1ee5 sau b\u00e1n<\/a><\/h4><\/div><br \/>\n<div class='content-column one_fourth'><div class=\"index-c\">\n\t\t<a id=\"Item: asphalt plant\" class=\"fancybox\" href=\"#contact_form_pop\"><img src=\"\/vietnam\/wp-content\/uploads\/2019\/04\/leaving-message-online.png\" ALT=\"\u0111\u1ec3 l\u1ea1i tin nh\u1eafn tr\u1ef1c tuy\u1ebfn...\"><img src=\"\/vietnam\/wp-content\/uploads\/2019\/04\/leave-message-online.png\" ALT=\"\u0111\u1ec3 l\u1ea1i tin nh\u1eafn tr\u1ef1c tuy\u1ebfn...\"><\/a><\/div>\n<h4><a id=\"Item: asphalt plant\" class=\"fancybox\" href=\"#contact_form_pop\">Tin nh\u1eafn tr\u1ef1c tuy\u1ebfn<\/a><\/p>\n<div class=\"fancybox-hidden\" style=\"display: none;\">\n<div id=\"contact_form_pop\"><div role=\"form\" class=\"wpcf7\" id=\"wpcf7-f93-o1\" lang=\"en-US\" dir=\"ltr\">\n<div class=\"screen-reader-response\"><\/div>\n<form action=\"\/vietnam\/wp-json\/wp\/v2\/pages\/2#wpcf7-f93-o1\" method=\"post\" class=\"wpcf7-form\" novalidate=\"novalidate\">\n<div style=\"display: none;\">\n<input type=\"hidden\" name=\"_wpcf7\" value=\"93\" \/>\n<input type=\"hidden\" name=\"_wpcf7_version\" value=\"5.1.6\" \/>\n<input type=\"hidden\" name=\"_wpcf7_locale\" value=\"en_US\" \/>\n<input type=\"hidden\" name=\"_wpcf7_unit_tag\" value=\"wpcf7-f93-o1\" \/>\n<input type=\"hidden\" name=\"_wpcf7_container_post\" value=\"0\" \/>\n<\/div>\n<div class=\"leave-message-asphaltall\">\n<div class=\"leave-message-asphalt\">\n<div class=\"leave-top\">Xin vui l\u00f2ng cung c\u1ea5p cho y\u00eau c\u1ea7u c\u1ee7a b\u1ea1n trong m\u1eabu d\u01b0\u1edbi \u0111\u00e2y. Ch\u00fang t\u00f4i s\u1ebd tr\u1ea3 l\u1eddi trong 2 gi\u1edd.<\/div>\n<div class=\"leave-name\">\n<div class=\"leave-name-t\">T\u00ean (b\u1eaft bu\u1ed9c):<\/div>\n<p><span class=\"wpcf7-form-control-wrap your-name\"><input type=\"text\" name=\"your-name\" value=\"\" size=\"40\" class=\"wpcf7-form-control wpcf7-text wpcf7-validates-as-required\" aria-required=\"true\" aria-invalid=\"false\" \/><\/span><\/p><\/div>\n<div class=\"leave-model\">\n<div class=\"leave-model-t\">S\u1ea3n ph\u1ea9m M\u00f4 h\u00ecnh:<\/div>\n<p><span class=\"wpcf7-form-control-wrap item\"><input type=\"text\" name=\"item\" value=\"\" size=\"40\" class=\"wpcf7-form-control wpcf7-text\" id=\"item\" aria-invalid=\"false\" \/><\/span><\/p><\/div>\n<div class=\"leave-email\">\n<div class=\"leave-email-t\">Email (b\u1eaft bu\u1ed9c):<\/div>\n<p><span class=\"wpcf7-form-control-wrap your-email\"><input type=\"email\" name=\"your-email\" value=\"\" size=\"40\" class=\"wpcf7-form-control wpcf7-text wpcf7-email wpcf7-validates-as-required wpcf7-validates-as-email\" aria-required=\"true\" aria-invalid=\"false\" \/><\/span><\/p><\/div>\n<div class=\"leave-your-country\">\n<div class=\"leave-your-country-t\"> Qu\u1ed1c gia:<\/div>\n<p><span class=\"wpcf7-form-control-wrap your-country\"><input type=\"text\" name=\"your-country\" value=\"\" size=\"40\" class=\"wpcf7-form-control wpcf7-text\" aria-invalid=\"false\" \/><\/span><\/p><\/div>\n<div class=\"leave-tel\">\n<div class=\"leave-tel-t\">Tel(b\u1eaft bu\u1ed9c):<\/div>\n<p><span class=\"wpcf7-form-control-wrap your-tel\"><input type=\"tel\" name=\"your-tel\" value=\"\" size=\"40\" class=\"wpcf7-form-control wpcf7-text wpcf7-tel wpcf7-validates-as-required wpcf7-validates-as-tel\" aria-required=\"true\" aria-invalid=\"false\" \/><\/span><\/p><\/div>\n<div class=\"leave-company\">\n<div class=\"leave-company-t\">C\u00f4ng ty:<\/div>\n<p><span class=\"wpcf7-form-control-wrap your-company\"><input type=\"text\" name=\"your-company\" value=\"\" size=\"40\" class=\"wpcf7-form-control wpcf7-text\" aria-invalid=\"false\" \/><\/span><\/p><\/div>\n<div class=\"leave-require\">\n<div class=\"leave-require-t\">Tin nh\u1eafn c\u1ee7a b\u1ea1n(b\u1eaft bu\u1ed9c):<\/div>\n<p><span class=\"wpcf7-form-control-wrap your-message\"><textarea name=\"your-message\" cols=\"40\" rows=\"10\" class=\"wpcf7-form-control wpcf7-textarea wpcf7-validates-as-required\" aria-required=\"true\" aria-invalid=\"false\" placeholder=\"L\u1eddi khuy\u00ean: m\u00f4 h\u00ecnh n\u00e0o? lo\u1ea1i tr\u1ed1ng ho\u1eb7c lo\u1ea1i h\u00e0ng lo\u1ea1t? s\u1ee9c ch\u1ee9a? lo\u1ea1i h\u1ec7 th\u1ed1ng thu gom b\u1ee5i n\u00e0o?\"><\/textarea><\/span><\/p><\/div>\n<div class=\"leave-Send\"><input type=\"submit\" value=\"G\u1eedi\" class=\"wpcf7-form-control wpcf7-submit\" \/><\/div>\n<\/div>\n<\/div>\n<div class=\"wpcf7-response-output wpcf7-display-none\"><\/div><\/form><\/div><\/div>\n<\/div>\n<\/h4><\/div><br \/>\n<div class='content-column one_fourth'><div class=\"index-c\">\n\t\t<a href=\"\/vietnam\/exhibitions\/\"><img src=\"\/vietnam\/wp-content\/uploads\/2019\/04\/exhibitions-places.png\" ALT=\"n\u01a1i tri\u1ec3n l\u00e3m\"><img src=\"\/vietnam\/wp-content\/uploads\/2019\/04\/exhibition-place.png\" ALT=\"n\u01a1i tri\u1ec3n l\u00e3m\"><\/a><\/div>\n<h4><a href=\"\/vietnam\/exhibitions\/\">Ho\u1ea1t \u0111\u1ed9ng tri\u1ec3n l\u00e3m<\/a><\/h4><\/div><br \/>\n<div class='content-column one_fourth last_column'><div class=\"index-c\">\n\t\t<a href=\"\/vietnam\/sales-network\/\"><img src=\"\/vietnam\/wp-content\/uploads\/2019\/04\/sale-network.png\" ALT=\"M\u1ea1ng l\u01b0\u1edbi b\u00e1n h\u00e0ng\"><img src=\"\/vietnam\/wp-content\/uploads\/2019\/04\/sales-network.png\" ALT=\"M\u1ea1ng l\u01b0\u1edbi b\u00e1n h\u00e0ng\"><\/a><\/div>\n<h4><a href=\"\/vietnam\/sales-network\/\">M\u1ea1ng l\u01b0\u1edbi b\u00e1n h\u00e0ng<\/a><\/h4><\/div><div class='clear_column'><\/div><\/p>\n<\/div>\n<div style=\"height: 12px;background-color: #ffbd1c;\"><\/div>\n","protected":false},"excerpt":{"rendered":"<p>LB Lo\u1ea1t Nh\u00e0 m\u00e1y nh\u1ef1a \u0111\u01b0\u1eddng YLB Lo\u1ea1t Nh\u00e0 m\u00e1y h\u1ed7n h\u1ee3p b\u00ea t\u00f4ng nh\u1ef1a DHB Lo\u1ea1t Nh\u00e0 m\u00e1y tr\u1ed9n nh\u1ef1a \u0111\u01b0\u1eddng QLB Lo\u1ea1t Nh\u00e0 m\u00e1y s\u1ea3n xu\u1ea5t nh\u1ef1a \u0111\u01b0\u1eddng<\/p>\n","protected":false},"author":1,"featured_media":0,"parent":0,"menu_order":0,"comment_status":"closed","ping_status":"open","template":"","meta":[],"_links":{"self":[{"href":"https:\/\/aimixasphaltplant.com\/vietnam\/wp-json\/wp\/v2\/pages\/2"}],"collection":[{"href":"https:\/\/aimixasphaltplant.com\/vietnam\/wp-json\/wp\/v2\/pages"}],"about":[{"href":"https:\/\/aimixasphaltplant.com\/vietnam\/wp-json\/wp\/v2\/types\/page"}],"author":[{"embeddable":true,"href":"https:\/\/aimixasphaltplant.com\/vietnam\/wp-json\/wp\/v2\/users\/1"}],"replies":[{"embeddable":true,"href":"https:\/\/aimixasphaltplant.com\/vietnam\/wp-json\/wp\/v2\/comments?post=2"}],"version-history":[{"count":149,"href":"https:\/\/aimixasphaltplant.com\/vietnam\/wp-json\/wp\/v2\/pages\/2\/revisions"}],"predecessor-version":[{"id":1739,"href":"https:\/\/aimixasphaltplant.com\/vietnam\/wp-json\/wp\/v2\/pages\/2\/revisions\/1739"}],"wp:attachment":[{"href":"https:\/\/aimixasphaltplant.com\/vietnam\/wp-json\/wp\/v2\/media?parent=2"}],"curies":[{"name":"wp","href":"https:\/\/api.w.org\/{rel}","templated":true}]}}