{"id":291,"date":"2017-09-01T04:35:55","date_gmt":"2017-09-01T04:35:55","guid":{"rendered":"http:\/\/aimixasphaltplant.com\/?page_id=291"},"modified":"2021-03-18T16:13:43","modified_gmt":"2021-03-18T08:13:43","slug":"stabilized-soil-mixing-plant","status":"publish","type":"page","link":"https:\/\/aimixasphaltplant.com\/vietnam\/stabilized-soil-mixing-plant\/","title":{"rendered":"Nh\u00e0 m\u00e1y tr\u1ed9n \u0111\u1ea5t \u1ed5n \u0111\u1ecbnh"},"content":{"rendered":"<p>C\u00e1c Nh\u00e0 m\u00e1y tr\u1ed9n \u0111\u1ea5t \u1ed5n \u0111\u1ecbnh l\u00e0 m\u1ed9t trong nh\u1eefng thi\u1ebft b\u1ecb x\u00e2y d\u1ef1ng \u0111\u01b0\u1eddng, \u0111\u01b0\u1ee3c s\u1eed d\u1ee5ng \u0111\u1ec3 tr\u1ed9n h\u1ed7n h\u1ee3p \u1ed5n \u0111\u1ecbnh v\u1edbi v\u1eadt li\u1ec7u c\u1ee9ng nh\u1eafc n\u01b0\u1edbc. H\u1ed7n h\u1ee3p \u1ed5n \u0111\u1ecbnh bao g\u1ed3m v\u00f4i, xi m\u0103ng, tro than, \u0111\u1ea5t v\u00e0 c\u1ed1t li\u1ec7u kh\u00e1c. Nh\u00e0 m\u00e1y tr\u1ed9n \u0111\u1ea5t \u1ed5n \u0111\u1ecbnh pha tr\u1ed9n h\u1ed7n h\u1ee3p m\u1ed9t c\u00e1ch li\u00ean t\u1ee5c, bao g\u1ed3m m\u00e1y tr\u1ed9n t\u1ed5ng h\u1ee3p, b\u0103ng t\u1ea3i nguy\u00ean li\u1ec7u th\u00f4, xi m\u0103ng silo, b\u0103ng t\u1ea3i tr\u1ee5c v\u00edt, m\u00e1y tr\u1ed9n li\u00ean t\u1ee5c, b\u0103ng chuy\u1ec1n s\u1ea3n ph\u1ea9m ho\u00e0n ch\u1ec9nh, th\u00f9ng s\u1ea3n ph\u1ea9m ho\u00e0n ch\u1ec9nh, ph\u00f2ng \u0111i\u1ec1u khi\u1ec3n v\u00e0 h\u1ec7 th\u1ed1ng kh\u00ed n\u00e9n. Nh\u00e0 m\u00e1y \u1ed5n \u0111\u1ecbnh \u0111\u1ea5t c\u00f3 c\u00e1c \u0111\u1eb7c \u0111i\u1ec3m v\u1ec1 hi\u1ec7u su\u1ea5t \u1ed5n \u0111\u1ecbnh, \u0111\u1ed9 tin c\u1eady cao, d\u1ec5 v\u1eadn h\u00e0nh v\u00e0 b\u1ea3o tr\u00ec, r\u1ea5t ph\u00f9 h\u1ee3p \u0111\u1ec3 s\u1ea3n xu\u1ea5t c\u00e1c h\u1ed7n h\u1ee3p \u1ed5n \u0111\u1ecbnh ch\u1ea5t l\u01b0\u1ee3ng cao.<\/p>\n<p>\u0110\u1ec3 s\u1ea3n xu\u1ea5t h\u1ed7n h\u1ee3p \u1ed5n \u0111\u1ecbnh ch\u1ea5t l\u01b0\u1ee3ng cao ph\u00f9 h\u1ee3p v\u1edbi s\u1ef1 ph\u00e1t tri\u1ec3n nhanh ch\u00f3ng c\u1ee7a c\u00f4ng tr\u00ecnh x\u00e2y d\u1ef1ng \u0111\u01b0\u1eddng, c\u00f4ng ty ch\u00fang t\u00f4i \u0111\u00e3 \u0111\u1ea9y ra nhi\u1ec1u lo\u1ea1i nh\u00e0 m\u00e1y tr\u1ed9n \u0111\u1ea5t \u1ed5n \u0111\u1ecbnh \u0111\u1ec3 b\u00e1n. C\u00e1c th\u00e0nh ph\u1ea7n \u0111\u00e3 \u00e1p d\u1ee5ng c\u00e1c th\u01b0\u01a1ng hi\u1ec7u qu\u1ed1c t\u1ebf v\u1edbi \u0111\u1ed9 tin c\u1eady cao v\u00e0 tu\u1ed5i th\u1ecd cao. C\u00e1c thi\u1ebft b\u1ecb \u0111\u01b0\u1ee3c cung c\u1ea5p c\u00f3 th\u1ec3 b\u00e1n \u0111\u01b0\u1ee3c \u1edf nh\u00e0 v\u00e0 \u1edf n\u01b0\u1edbc ngo\u00e0i, \u0111\u01b0\u1ee3c s\u1eed d\u1ee5ng r\u1ed9ng r\u00e3i trong \u0111\u01b0\u1eddng cao t\u1ed1c, \u0111\u01b0\u1eddng \u0111\u00f4 th\u1ecb, s\u00e2n bay, b\u00e3i \u0111\u1ed7 xe, v.v &#8230;<\/p>\n<figure id=\"attachment_401\" aria-describedby=\"caption-attachment-401\" style=\"width: 590px\" class=\"wp-caption aligncenter\"><img loading=\"lazy\" class=\"size-full wp-image-401\" title=\"Stabilized Soil Mix Plant\" src=\"\/vietnam\/wp-content\/uploads\/2017\/09\/Stabilized-Soil-Mix-Plant.jpg\" alt=\"Nh\u00e0 m\u00e1y tr\u1ed9n \u0111\u1ea5t \u1ed5n \u0111\u1ecbnh\" width=\"600\" height=\"450\" srcset=\"https:\/\/aimixasphaltplant.com\/vietnam\/wp-content\/uploads\/2017\/09\/Stabilized-Soil-Mix-Plant.jpg 600w, https:\/\/aimixasphaltplant.com\/vietnam\/wp-content\/uploads\/2017\/09\/Stabilized-Soil-Mix-Plant-300x225.jpg 300w\" sizes=\"(max-width: 600px) 100vw, 600px\" \/><figcaption id=\"caption-attachment-401\" class=\"wp-caption-text\">Nh\u00e0 m\u00e1y tr\u1ed9n \u0111\u1ea5t \u1ed5n \u0111\u1ecbnh<\/figcaption><\/figure>\n<div class=\"hot-all\">\n<h2 style=\"text-align: center;\"><strong>Ph\u00e2n lo\u1ea1i <\/strong> <\/h2>\n<\/div>\n<p>Nh\u00e0 m\u00e1y tr\u1ed9n \u0111\u1ea5t \u1ed5n \u0111\u1ecbnh c\u00f3 th\u1ec3 \u0111\u01b0\u1ee3c chia th\u00e0nh lo\u1ea1i c\u1ed1 \u0111\u1ecbnh v\u00e0 lo\u1ea1i di \u0111\u1ed9ng. C\u00e1c nh\u00e0 m\u00e1y tr\u1ed9n \u0111\u1ea5t \u1ed5n \u0111\u1ecbnh di \u0111\u1ed9ng \u0111\u00e3 \u0111\u01b0\u1ee3c g\u1eafn tr\u00ean khung xe, c\u00f3 th\u1ec3 \u0111\u01b0\u1ee3c k\u00e9o b\u1edfi trailer. C\u00e1c nh\u00e0 m\u00e1y di \u0111\u1ed9ng l\u00e0 d\u1ec5 d\u00e0ng v\u00e0 thu\u1eadn ti\u1ec7n \u0111\u1ec3 chuy\u1ec3n \u0111\u1ed5i c\u00e1c trang web x\u00e2y d\u1ef1ng, r\u1ea5t th\u00edch h\u1ee3p cho c\u00e1c d\u1ef1 \u00e1n ng\u1eafn h\u1ea1n \u0111\u1ec3 s\u1ea3n xu\u1ea5t \u0111\u1ea5t \u1ed5n \u0111\u1ecbnh cho c\u01a1 s\u1edf \u0111\u01b0\u1eddng b\u1ed9, s\u00e2n bay v\u00e0 s\u00e2n v\u1eadn \u0111\u1ed9ng. N\u00f3i chung, nh\u00e0 m\u00e1y tr\u1ed9n \u0111\u1ea5t \u1ed5n \u0111\u1ecbnh c\u1ed1 \u0111\u1ecbnh \u0111\u01b0\u1ee3c c\u1ed1 \u0111\u1ecbnh tr\u00ean c\u00e1c khu v\u1ef1c c\u00f3 n\u0103ng su\u1ea5t l\u1edbn h\u01a1n. C\u00e1c nh\u00e0 m\u00e1y tr\u1ed9n \u0111\u1ea5t \u1ed5n \u0111\u1ecbnh \u0111\u1ec3 b\u00e1n c\u00f3 WCB lo\u1ea1t thi\u1ebft b\u1ecb v\u0103n ph\u00f2ng ph\u1ea9m v\u00e0 YWCB lo\u1ea1t m\u00e1y.<br \/>\n<div class='content-column one_half'><div style=\"padding-right:5px;padding-left:5px;\"><figure id=\"attachment_403\" aria-describedby=\"caption-attachment-403\" style=\"width: 590px\" class=\"wp-caption alignnone\"><img loading=\"lazy\" class=\"size-full wp-image-403\" title=\"WCB series Stabilized Soil Mixing Plant\" src=\"\/vietnam\/wp-content\/uploads\/2017\/09\/WCB-series-Stabilized-Soil-Mixing-Plant.jpg\" alt=\"WCB series Nh\u00e0 m\u00e1y tr\u1ed9n \u0111\u1ea5t \u1ed5n \u0111\u1ecbnh\" width=\"600\" height=\"450\" srcset=\"https:\/\/aimixasphaltplant.com\/vietnam\/wp-content\/uploads\/2017\/09\/WCB-series-Stabilized-Soil-Mixing-Plant.jpg 600w, https:\/\/aimixasphaltplant.com\/vietnam\/wp-content\/uploads\/2017\/09\/WCB-series-Stabilized-Soil-Mixing-Plant-300x225.jpg 300w\" sizes=\"(max-width: 600px) 100vw, 600px\" \/><figcaption id=\"caption-attachment-403\" class=\"wp-caption-text\">WCB series Nh\u00e0 m\u00e1y tr\u1ed9n \u0111\u1ea5t \u1ed5n \u0111\u1ecbnh<\/figcaption><\/figure><\/div><\/div><div class='content-column one_half last_column'><div style=\"padding-right:5px;padding-left:5px;\"><figure id=\"attachment_404\" aria-describedby=\"caption-attachment-404\" style=\"width: 590px\" class=\"wp-caption alignnone\"><img loading=\"lazy\" class=\"size-full wp-image-404\" title=\"YWCB series Stabilized Soil Mix Plant\" src=\"\/vietnam\/wp-content\/uploads\/2017\/09\/YWCB-series-Stabilized-Soil-Mix-Plant.jpg\" alt=\"YWCB series Nh\u00e0 m\u00e1y tr\u1ed9n \u0111\u1ea5t \u1ed5n \u0111\u1ecbnh\" width=\"600\" height=\"450\" srcset=\"https:\/\/aimixasphaltplant.com\/vietnam\/wp-content\/uploads\/2017\/09\/YWCB-series-Stabilized-Soil-Mix-Plant.jpg 600w, https:\/\/aimixasphaltplant.com\/vietnam\/wp-content\/uploads\/2017\/09\/YWCB-series-Stabilized-Soil-Mix-Plant-300x225.jpg 300w\" sizes=\"(max-width: 600px) 100vw, 600px\" \/><figcaption id=\"caption-attachment-404\" class=\"wp-caption-text\">YWCB series Nh\u00e0 m\u00e1y tr\u1ed9n \u0111\u1ea5t \u1ed5n \u0111\u1ecbnh<\/figcaption><\/figure><\/div><\/div><div class='clear_column'><\/div><\/p>\n<div class=\"hot-all\">\n<h2 style=\"text-align: center;\"><strong>T\u00ednh n\u0103ng v\u00e0 l\u1ee3i th\u1ebf <\/strong> <\/h2>\n<\/div>\n<p>1. The m\u00f4-\u0111un-g\u00f5 c\u1ea5u tr\u00fac l\u00e0 thu\u1eadn ti\u1ec7n cho l\u1eafp r\u00e1p, th\u00e1o g\u1ee1 v\u00e0 giao th\u00f4ng v\u1eadn t\u1ea3i.<\/p>\n<p>2. \u1ee9ng d\u1ee5ng c\u1ee7a tr\u1ee5c ngang k\u00e9p bu\u1ed9c tr\u1ed9n \u0111\u1ea3m b\u1ea3o tr\u1ed9n \u0111\u1ed3ng \u0111\u1ec1u v\u1edbi ch\u1ea5t l\u01b0\u1ee3ng cao v\u00e0 \u0111\u1ed9 tin c\u1eady cao.<\/p>\n<p>3. b\u0103ng t\u1ea3i nguy\u00ean li\u1ec7u th\u00f4 v\u00e0 b\u0103ng t\u1ea3i v\u1eadt li\u1ec7u th\u00e0nh ph\u1ea9m v\u1edbi t\u00ednh n\u0103ng c\u00f3 th\u1ec3 g\u1eadp l\u1ea1i \u0111\u01b0\u1ee3c thu\u1eadn ti\u1ec7n cho vi\u1ec7c l\u1eafp \u0111\u1eb7t v\u00e0 v\u1eadn chuy\u1ec3n. C\u00e1c con l\u0103n \u0111i\u1ec7n \u0111\u01b0\u1ee3c trang b\u1ecb c\u00f3 th\u1ec3 d\u1ec5 d\u00e0ng v\u1eadn h\u00e0nh v\u00e0 b\u1ea3o tr\u00ec.<\/p>\n<p>4. v\u1eadt li\u1ec7u kh\u00e1c nhau c\u00f3 h\u1ec7 th\u1ed1ng c\u00e2n ri\u00eang bi\u1ec7t, c\u00f3 th\u1ec3 \u0111\u1ea3m b\u1ea3o \u0111o l\u01b0\u1eddng ch\u00ednh x\u00e1c v\u00e0 t\u1ef7 l\u1ec7.<\/p>\n<p>5. H\u1ec7 th\u1ed1ng n\u00e9n v\u1edbi van b\u01b0\u1edbm c\u00f3 th\u1ec3 \u0111\u01b0\u1ee3c v\u1eadn h\u00e0nh d\u1ec5 d\u00e0ng. N\u00f3 \u0111\u1ea3m b\u1ea3o x\u1ea3 tr\u01a1n tru, l\u00e0m gi\u1ea3m th\u1eddi gian cung c\u1ea5p v\u1eadt li\u1ec7u.<\/p>\n<p>6. Xi m\u0103ng v\u00e0 tro than \u0111\u01b0\u1ee3c v\u1eadn chuy\u1ec3n b\u1eb1ng b\u0103ng t\u1ea3i tr\u1ee5c v\u00edt \u0111\u1ec3 tr\u00e1nh t\u1eafc ngh\u1ebdn v\u00e0 \u00f4 nhi\u1ec5m m\u00f4i tr\u01b0\u1eddng.<\/p>\n<p>7. Nh\u00e0 m\u00e1y tr\u1ed9n \u0111\u1ea5t \u1ed5n \u0111\u1ecbnh th\u00f4ng qua h\u1ec7 th\u1ed1ng \u0111i\u1ec1u khi\u1ec3n \u0111i\u1ec7n. M\u00e1y t\u00ednh l\u1eadp tr\u00ecnh PLC c\u00f3 th\u1ec3 \u0111\u01b0\u1ee3c \u0111i\u1ec1u khi\u1ec3n b\u1eb1ng tay v\u00e0 t\u1ef1 \u0111\u1ed9ng v\u1edbi hi\u1ec7u su\u1ea5t \u0111\u00e1ng tin c\u1eady v\u00e0 d\u1ec5 v\u1eadn h\u00e0nh v\u00e0 b\u1ea3o tr\u00ec.<br \/>\n8. The th\u1ea5t b\u1ea1i c\u00f3 th\u1ec3 \u0111\u01b0\u1ee3c theo d\u00f5i th\u00f4ng qua m\u00e1y t\u00ednh, m\u00e0 c\u1ea3i thi\u1ec7n s\u1ef1 t\u1ef1 \u0111\u1ed9ng h\u00f3a c\u1ee7a thi\u1ebft b\u1ecb. \u0110i\u1ec1u \u0111\u00f3 ph\u1ea7n l\u1edbn c\u00f3 th\u1ec3 l\u00e0m gi\u1ea3m c\u01b0\u1eddng \u0111\u1ed9 lao \u0111\u1ed9ng v\u00e0 \u0111\u1ea7u v\u00e0o lao \u0111\u1ed9ng.<\/p>\n<div class = \"hot-all\">\n<h2 style = \"text-align: center;\"> <strong> Th\u00f4ng s\u1ed1 k\u1ef9 thu\u1eadt c\u1ee7a nh\u00e0 m\u00e1y tr\u1ed9n \u0111\u1ea5t \u1ed5n \u0111\u1ecbnh <\/strong> <\/h2>\n<\/div>\n<table>\n<tbody>\n<tr>\n<td width = \"122\"> Lo\u1ea1i <\/td>\n<td width = \"111\"> WCB300 <\/td>\n<td width = \"111\"> WCB400 <\/td>\n<td width = \"111\"> WCB500 <\/td>\n<td width = \"111\"> WCB600 <\/td>\n<\/tr>\n<tr>\n<td width = \"122\"> N\u0103ng su\u1ea5t l\u00fd thuy\u1ebft <\/td>\n<td width = \"111\"> 300T \/ h <\/td>\n<td width = \"111\"> 400T \/ h <\/td>\n<td width = \"111\"> 500T \/ h <\/td>\n<td width = \"111\"> 600T \/ h <\/td>\n<\/tr>\n<tr>\n<td width = \"122\"> T\u1ed5ng c\u00f4ng su\u1ea5t <\/td>\n<td width = \"111\"> 98KW <\/td>\n<td width = \"111\"> 118KW <\/td>\n<td width = \"111\"> 150KW <\/td>\n<td width = \"111\"> 200KW <\/td>\n<\/tr>\n<tr>\n<td width = \"122\"> T\u1ed5ng tr\u1ecdng l\u01b0\u1ee3ng <\/td>\n<td width = \"111\"> 30T <\/td>\n<td width = \"111\"> 35T <\/td>\n<td width = \"111\"> 40T <\/td>\n<td width = \"111\"> 50T <\/td>\n<\/tr>\n<tr>\n<td width = \"122\"> K\u00edch th\u01b0\u1edbc T\u1ed5ng h\u1ee3p T\u1ed1i \u0111a <\/td>\n<td width = \"111\"> 60mm <\/td>\n<td width = \"111\"> 60mm <\/td>\n<td width = \"111\"> 60mm <\/td>\n<td width = \"111\"> 60mm <\/td>\n<\/tr>\n<tr>\n<td width = \"122\"> T\u1ed5ng h\u1ee3p \u0111\u1ed9 ch\u00ednh x\u00e1c c\u00e2n b\u1eb1ng <\/td>\n<td width = \"111\"> \u00b1 2% <\/td>\n<td width = \"111\"> \u00b1 2% <\/td>\n<td width = \"111\"> \u00b1 2% <\/td>\n<td width = \"111\"> \u00b1 2% <\/td>\n<\/tr>\n<tr>\n<td width = \"122\"> \u0110\u1ed9 ch\u00ednh x\u00e1c Xi m\u0103ng <\/td>\n<td width = \"111\"> \u00b1 1% <\/td>\n<td width = \"111\"> \u00b1 1% <\/td>\n<td width = \"111\"> \u00b1 1% <\/td>\n<td width = \"111\"> \u00b1 1% <\/td>\n<\/tr>\n<tr>\n<td width = \"122\"> \u0110\u1ed9 ch\u00ednh x\u00e1c c\u1ea5p n\u01b0\u1edbc <\/td>\n<td width = \"111\"> \u00b1 1,5% <\/td>\n<td width = \"111\"> \u00b1 1,5% <\/td>\n<td width = \"111\"> \u00b1 1,5% <\/td>\n<td width = \"111\"> \u00b1 1,5% <\/td>\n<\/tr>\n<tr>\n<td width = \"122\"> V\u00f9ng bao ph\u1ee7 (L x W) <\/td>\n<td width = \"111\"> 44x5m <\/td>\n<td width = \"111\"> 50x5m <\/td>\n<td width = \"111\"> 50x5m <\/td>\n<td width = \"111\"> 52x6m <\/td>\n<\/tr>\n<tr>\n<td width = \"122\"> M\u00f4-\u0111un \u0111i\u1ec1u khi\u1ec3n <\/td>\n<td colspan = \"4\" width = \"445\"> T\u1ef1 \u0111\u1ed9ng \/ B\u00e1n t\u1ef1 \u0111\u1ed9ng <\/td>\n<\/tr>\n<\/tbody>\n<\/table>\n<table>\n<tbody>\n<tr>\n<td width = \"207\"> M\u00f4 h\u00ecnh <\/td>\n<td width = \"121\"> YWCB120 <\/td>\n<td width = \"120\"> YWCB200 <\/td>\n<td width = \"119\"> YWCB300 <\/td>\n<\/tr>\n<tr>\n<td width = \"207\"> Lo\u1ea1i tr\u00ecnh k\u1ebft h\u1ee3p <\/td>\n<td colspan = \"3\" width = \"360\"> M\u00e1y tr\u1ed9n c\u01b0\u1ee1ng b\u1ee9c tr\u1ee5c ngang <\/td>\n<\/tr>\n<tr>\n<td width = \"207\"> N\u0103ng su\u1ea5t \u0111\u01b0\u1ee3c x\u1ebfp h\u1ea1ng (t \/ h) <\/td>\n<td width = \"121\"> 120 <\/td>\n<td width = \"120\"> 200 <\/td>\n<td width = \"119\"> 300 <\/td>\n<\/tr>\n<tr>\n<td width = \"207\"> Kh\u1ed1i l\u01b0\u1ee3ng Th\u00f9ng t\u1ed5ng h\u1ee3p (m3) <\/td>\n<td width = \"121\"> 3 \u00d7 4 <\/td>\n<td width = \"120\"> 3 \u00d7 6 <\/td>\n<td width = \"119\"> 3 \u00d7 8 <\/td>\n<\/tr>\n<tr>\n<td width = \"207\"> \u0110\u01b0\u1eddng k\u00ednh t\u1ed5ng h\u1ee3p (mm) <\/td>\n<td colspan = \"3\" chi\u1ec1u r\u1ed9ng = \"360\"> \u226460 <\/td>\n<\/tr>\n<tr>\n<td width = \"207\"> \u0110\u1ed9 ch\u00ednh x\u00e1c c\u00e2n b\u1eb1ng (%) <\/td>\n<td colspan = \"3\" width = \"360\"> T\u1ed5ng h\u1ee3p \u00b1 2,5, Xi m\u0103ng \u00b1 1,5, N\u01b0\u1edbc \u00b1 1 <\/td>\n<\/tr>\n<tr>\n<td width = \"207\"> Chi\u1ec1u cao cho \u0103n (m) <\/td>\n<td width = \"121\"> 3.9 <\/td>\n<td width = \"120\"> 4.05 <\/td>\n<td width = \"119\"> 4,25 <\/td>\n<\/tr>\n<tr>\n<td width = \"207\"> \u0110ang x\u1ea3 Chi\u1ec1u cao (m) <\/td>\n<td width = \"121\"> 2.8 <\/td>\n<td width = \"120\"> 2.9 <\/td>\n<td width = \"119\"> 3,5 <\/td>\n<\/tr>\n<tr>\n<td width = \"207\"> T\u1ed1c \u0111\u1ed9 Trailing (km \/ h) <\/td>\n<td colspan = \"3\" chi\u1ec1u r\u1ed9ng = \"360\"> 15 <\/td>\n<\/tr>\n<tr>\n<td width = \"207\"> T\u1ed5ng c\u00f4ng su\u1ea5t (KW) <\/td>\n<td width = \"121\"> 95 <\/td>\n<td width = \"120\"> 105 <\/td>\n<td width = \"119\"> 120 <\/td>\n<\/tr>\n<\/tbody>\n<\/table>\n<div class=\"hot-all\">\n<h2 style=\"text-align: center;\"><strong>Nguy\u00ean t\u1eafc l\u00e0m vi\u1ec7c <\/strong> <\/h2>\n<\/div>\n<p>T\u1ed5ng h\u1ee3p s\u1ecfi, xi m\u0103ng v\u00e0 \u0111\u1ea5t \u0111\u01b0\u1ee3c g\u1eedi \u0111\u1ebfn m\u00e1y tr\u1ed9n t\u1ed5ng h\u1ee3p th\u00f4ng qua m\u00e1y b\u1ed1c h\u00e0ng. Sau khi c\u00e2n, t\u1ed5ng h\u1ee3p s\u1ebd \u0111\u01b0\u1ee3c chuy\u1ec3n \u0111\u1ebfn m\u00e1y tr\u1ed9n th\u00f4ng qua \u0111ai nguy\u00ean li\u1ec7u th\u00f4. Trong khi \u0111\u00f3, xi m\u0103ng v\u00e0 tro bay s\u1ebd \u0111\u01b0\u1ee3c ph\u00e2n ph\u1ed1i \u0111\u1ec3 c\u00e2n ph\u1ec5u th\u00f4ng qua b\u0103ng t\u1ea3i tr\u1ee5c v\u00edt. Sau \u0111\u00f3, c\u00e1c v\u1eadt li\u1ec7u b\u1ed9t s\u1ebd \u0111\u01b0\u1ee3c \u0111\u1ed5 v\u00e0o m\u00e1y tr\u1ed9n. T\u1ea5t c\u1ea3 c\u00e1c th\u00e0nh ph\u1ea7n \u0111ang \u0111i \u0111\u1ebfn thi\u1ebft b\u1ecb tr\u1ed9n \u0111\u1ec3 x\u1eed l\u00fd cu\u1ed1i c\u00f9ng. Sau khi tr\u1ed9n, h\u1ed7n h\u1ee3p \u1ed5n \u0111\u1ecbnh s\u1ebd \u0111\u01b0\u1ee3c chuy\u1ec3n \u0111\u1ebfn th\u00f9ng s\u1ea3n ph\u1ea9m \u0111\u00e3 ho\u00e0n th\u00e0nh th\u00f4ng qua b\u0103ng t\u1ea3i. Sau \u0111\u00f3 \u0111\u1ea5t \u1ed5n \u0111\u1ecbnh s\u1ebd \u0111\u01b0\u1ee3c v\u1eadn chuy\u1ec3n \u0111\u1ebfn c\u00e1c c\u00f4ng tr\u01b0\u1eddng x\u00e2y d\u1ef1ng k\u1ecbp th\u1eddi.<\/p>\n<figure id=\"attachment_407\" aria-describedby=\"caption-attachment-407\" style=\"width: 590px\" class=\"wp-caption aligncenter\"><img loading=\"lazy\" class=\"size-full wp-image-407\" src=\"\/vietnam\/wp-content\/uploads\/2017\/09\/Stabilized-Soil-Mix-Plant-Working.jpg\" alt=\"Nh\u00e0 m\u00e1y tr\u1ed9n \u0111\u1ea5t \u1ed5n \u0111\u1ecbnh l\u00e0m vi\u1ec7c\" width=\"600\" height=\"450\" srcset=\"https:\/\/aimixasphaltplant.com\/vietnam\/wp-content\/uploads\/2017\/09\/Stabilized-Soil-Mix-Plant-Working.jpg 600w, https:\/\/aimixasphaltplant.com\/vietnam\/wp-content\/uploads\/2017\/09\/Stabilized-Soil-Mix-Plant-Working-300x225.jpg 300w\" sizes=\"(max-width: 600px) 100vw, 600px\" \/><figcaption id=\"caption-attachment-407\" class=\"wp-caption-text\">Nh\u00e0 m\u00e1y tr\u1ed9n \u0111\u1ea5t \u1ed5n \u0111\u1ecbnh l\u00e0m vi\u1ec7c<\/figcaption><\/figure>\n<div class=\"hot-all\">\n<h2 style=\"text-align: center;\"><strong>C\u1ea3nh b\u00e1o ho\u1ea1t \u0111\u1ed9ng <\/strong> <\/h2>\n<\/div>\n<p>1. ki\u1ec3m tra xem k\u1ebft n\u1ed1i l\u00e0 \u0111\u00e1ng tin c\u1eady, cho d\u00f9 c\u00e1c bu l\u00f4ng l\u00e0 l\u1ecfng l\u1ebbo v\u00e0 van l\u00e0 linh ho\u1ea1t.<\/p>\n<p>2. Ki\u1ec3m tra xem d\u1ea7u b\u00f4i tr\u01a1n c\u00f3 \u0111\u01b0\u1ee3c th\u00eam v\u00e0o hay kh\u00f4ng.<\/p>\n<p>3. Ki\u1ec3m tra xem ch\u1ea5t l\u01b0\u1ee3ng c\u1ee7a t\u1eebng th\u00e0nh ph\u1ea7n, xi m\u0103ng v\u00e0 s\u1ed1 l\u01b0\u1ee3ng c\u00f3 \u0111\u00e1p \u1ee9ng \u0111\u01b0\u1ee3c c\u00e1c y\u00eau c\u1ea7u hay kh\u00f4ng, li\u1ec7u thi\u1ebft b\u1ecb li\u00ean quan c\u00f3 \u0111\u01b0\u1ee3c \u0111\u1eb7t \u0111\u00fang v\u1ecb tr\u00ed hay kh\u00f4ng.<\/p>\n<p>4. ki\u1ec3m tra xem \u0111i\u1ec7n \u00e1p cung c\u1ea5p \u0111i\u1ec7n ph\u00f9 h\u1ee3p v\u1edbi quy \u0111\u1ecbnh, v\u00e0 b\u1ea3o v\u1ec7 r\u00f2 r\u1ec9 \u0111i\u1ec7n l\u00e0 \u0111\u00e1ng tin c\u1eady v\u00e0 hi\u1ec7u qu\u1ea3.<\/p>\n<p>5. Ki\u1ec3m tra xem m\u00e1y \u0111i\u1ec7n v\u00e0 d\u1ee5ng c\u1ee5 \u0111i\u1ec1u khi\u1ec3n c\u00f3 b\u1ecb h\u1ecfng hay kh\u00f4ng v\u00e0 c\u00e1c kh\u1edbp b\u1ecb l\u1ecfng.<\/p>\n<p>6. ki\u1ec3m tra xem c\u00f3 nh\u1eefng \u0111\u1ed3 l\u1eb7t v\u1eb7t kh\u00e1c tr\u00ean v\u00e0nh \u0111ai v\u00e0 c\u00e1c khu v\u1ef1c li\u00ean quan, cho d\u00f9 t\u1ea5t c\u1ea3 b\u0103ng t\u1ea3i l\u00e0 b\u00ecnh th\u01b0\u1eddng v\u00e0 c\u00f3 \u0111\u1ed9 l\u1ec7ch tr\u00ean v\u00e0nh \u0111ai.<\/p>\n<p>7.B\u1eaft \u0111\u1ea7u m\u00e1y tr\u1ed9n v\u00e0 m\u00e1y nghi\u1ec1n, v\u00e0 lu\u00f4n ch\u00fa \u00fd \u0111\u1ebfn c\u00e1c ch\u1ec9 d\u1eabn c\u1ee7a t\u1eebng ch\u1ec9 s\u1ed1. N\u1ebfu c\u00e1c h\u01b0\u1edbng d\u1eabn b\u1ea5t th\u01b0\u1eddng, thi\u1ebft b\u1ecb ph\u1ea3i \u0111\u01b0\u1ee3c d\u1eebng ngay l\u1eadp t\u1ee9c.<\/p>\n<p>8.During ho\u1ea1t \u0111\u1ed9ng c\u1ee7a thi\u1ebft b\u1ecb, n\u00f3 b\u1ecb c\u1ea5m \u0111\u1ec3 ki\u1ec3m tra t\u00ecnh h\u00ecnh khu\u1ea5y. Ki\u1ec3m tra c\u00e1c l\u1ed7 quan s\u00e1t. Kh\u00f4ng ai \u0111\u01b0\u1ee3c ph\u00e9p v\u00e0o \u0111\u01b0\u1eddng \u0111ua ph\u1ec5u ho\u1eb7c \u0111\u1ee9ng d\u01b0\u1edbi \u0111\u01b0\u1eddng \u0111ua. Kh\u00f4ng \u0111\u1eb7t \u0111\u1ea7u ho\u1eb7c tay v\u00e0o qu\u1ef9 \u0111\u1ea1o. Kh\u00f4ng \u0111\u1ee9ng trong khu v\u1ef1c d\u1ee1 h\u00e0ng. Kh\u00f4ng m\u1edf c\u1eeda m\u00e1y tr\u1ed9n v\u00e0 c\u1eeda ra v\u00e0o. N\u1ebfu c\u1ea7n m\u1edf c\u1eeda m\u00e1y tr\u1ed9n, h\u00e3y ng\u1eebng ho\u1ea1t \u0111\u1ed9ng. Nh\u1ea5c ph\u1ec5u l\u00ean l\u1ed7 an to\u00e0n v\u00e0 kh\u00f3a n\u00f3 b\u1eb1ng ch\u1ed1t an to\u00e0n.<\/p>\n<p>9.The nh\u00e0 \u0111i\u1ec1u h\u00e0nh n\u00ean k\u1ecbp th\u1eddi t\u00ecm hi\u1ec3u xem m\u00e1y tr\u1ed9n v\u00e0 b\u0103ng t\u1ea3i \u0111ang ho\u1ea1t \u0111\u1ed9ng \u0111\u00fang. Khi ph\u00e1t hi\u1ec7n ra l\u1ed7i, nh\u00e0 \u0111i\u1ec1u h\u00e0nh ph\u1ea3i th\u00f4ng b\u00e1o cho nh\u00e2n vi\u00ean ph\u00f2ng \u0111i\u1ec1u khi\u1ec3n k\u1ecbp th\u1eddi \u0111\u1ec3 ki\u1ec3m tra.<\/p>\n<p>10. th\u01b0\u1eddng xuy\u00ean ki\u1ec3m tra t\u00ecnh tr\u1ea1ng m\u1eb7c c\u1ee7a d\u00e2y n\u00e2ng t\u1ed5ng h\u1ee3p, thay \u0111\u1ed5i m\u1ed9t n\u1ebfu c\u1ea7n thi\u1ebft. Ki\u1ec3m tra xem c\u00f4ng vi\u1ec7c c\u1ee7a c\u01a1 c\u1ea5u n\u00e2ng t\u1ed5ng h\u1ee3p l\u00e0 b\u00ecnh th\u01b0\u1eddng v\u00e0 c\u00e1c b\u1ed9 ph\u1eadn bu\u1ed9c c\u00f3 b\u1ecb l\u1ecfng hay kh\u00f4ng.<\/p>\n<p>11. t\u1ea5t c\u1ea3 c\u00e1c d\u00e2y n\u00ean \u0111\u01b0\u1ee3c b\u1ea3o v\u1ec7 \u0111\u00fang c\u00e1ch trong qu\u00e1 tr\u00ecnh l\u00e0m vi\u1ec7c. Ki\u1ec3m tra s\u1ef1 gia t\u0103ng nhi\u1ec7t \u0111\u1ed9 c\u1ee7a m\u1ed7i \u0111\u1ed9ng c\u01a1 v\u01b0\u1ee3t qu\u00e1 gi\u00e1 tr\u1ecb quy \u0111\u1ecbnh t\u00ean n\u01a1i hay kh\u00f4ng.<\/p>\n<p>12. C\u00e1c silo xi m\u0103ng, \u0111o l\u01b0\u1eddng v\u00e0 c\u01a1 ch\u1ebf cho \u0103n n\u00ean kh\u00f4ng th\u1ea5m n\u01b0\u1edbc, \u0111\u1eb7c bi\u1ec7t l\u00e0 trong nh\u1eefng ng\u00e0y m\u01b0a. Khi ng\u1eebng v\u1eadn h\u00e0nh, \u0111\u1ea3m b\u1ea3o r\u1eb1ng xi m\u0103ng \u0111\u01b0\u1ee3c l\u00e0m s\u1ea1ch \u0111\u1ec3 tr\u00e1nh h\u01b0 h\u1ecfng thi\u1ebft b\u1ecb.<\/p>\n<p>13.T\u1ea5t c\u1ea3 c\u00e1c thi\u1ebft b\u1ecb \u0111i\u1ec7n v\u00e0 t\u1ee7 \u0111i\u1ec1u khi\u1ec3n ph\u1ea3i \u0111\u01b0\u1ee3c n\u1ed1i ch\u1eafc ch\u1eafn, v\u00e0 k\u00edch th\u01b0\u1edbc v\u00e0 chi\u1ec1u s\u00e2u d\u00e2y n\u1ed1i \u0111\u1ea5t t\u1ed5ng th\u1ec3 ph\u1ea3i \u0111\u00e1p \u1ee9ng c\u00e1c y\u00eau c\u1ea7u thi\u1ebft k\u1ebf.<\/p>\n","protected":false},"excerpt":{"rendered":"<p>C\u00e1c Nh\u00e0 m\u00e1y tr\u1ed9n \u0111\u1ea5t \u1ed5n \u0111\u1ecbnh l\u00e0 m\u1ed9t trong nh\u1eefng thi\u1ebft b\u1ecb x\u00e2y d\u1ef1ng \u0111\u01b0\u1eddng, \u0111\u01b0\u1ee3c s\u1eed d\u1ee5ng \u0111\u1ec3 tr\u1ed9n h\u1ed7n h\u1ee3p \u1ed5n \u0111\u1ecbnh v\u1edbi v\u1eadt li\u1ec7u c\u1ee9ng nh\u1eafc n\u01b0\u1edbc. H\u1ed7n h\u1ee3p \u1ed5n \u0111\u1ecbnh bao g\u1ed3m v\u00f4i, xi m\u0103ng, tro than, \u0111\u1ea5t v\u00e0 c\u1ed1t li\u1ec7u kh\u00e1c. Nh\u00e0 m\u00e1y tr\u1ed9n \u0111\u1ea5t \u1ed5n \u0111\u1ecbnh pha tr\u1ed9n &#8230; <a class=\"read-more\" href=\"https:\/\/aimixasphaltplant.com\/vietnam\/stabilized-soil-mixing-plant\/\">Read more&#8230;<\/a><\/p>\n","protected":false},"author":1,"featured_media":409,"parent":0,"menu_order":0,"comment_status":"closed","ping_status":"closed","template":"","meta":[],"_links":{"self":[{"href":"https:\/\/aimixasphaltplant.com\/vietnam\/wp-json\/wp\/v2\/pages\/291"}],"collection":[{"href":"https:\/\/aimixasphaltplant.com\/vietnam\/wp-json\/wp\/v2\/pages"}],"about":[{"href":"https:\/\/aimixasphaltplant.com\/vietnam\/wp-json\/wp\/v2\/types\/page"}],"author":[{"embeddable":true,"href":"https:\/\/aimixasphaltplant.com\/vietnam\/wp-json\/wp\/v2\/users\/1"}],"replies":[{"embeddable":true,"href":"https:\/\/aimixasphaltplant.com\/vietnam\/wp-json\/wp\/v2\/comments?post=291"}],"version-history":[{"count":11,"href":"https:\/\/aimixasphaltplant.com\/vietnam\/wp-json\/wp\/v2\/pages\/291\/revisions"}],"predecessor-version":[{"id":2149,"href":"https:\/\/aimixasphaltplant.com\/vietnam\/wp-json\/wp\/v2\/pages\/291\/revisions\/2149"}],"wp:featuredmedia":[{"embeddable":true,"href":"https:\/\/aimixasphaltplant.com\/vietnam\/wp-json\/wp\/v2\/media\/409"}],"wp:attachment":[{"href":"https:\/\/aimixasphaltplant.com\/vietnam\/wp-json\/wp\/v2\/media?parent=291"}],"curies":[{"name":"wp","href":"https:\/\/api.w.org\/{rel}","templated":true}]}}